{"id":2538,"date":"2024-04-15T17:12:18","date_gmt":"2024-04-15T17:12:18","guid":{"rendered":"https:\/\/luniversdeju.com\/?post_type=product&#038;p=2538"},"modified":"2026-02-26T20:39:49","modified_gmt":"2026-02-26T20:39:49","slug":"pancarte-bienvenue-plage","status":"publish","type":"product","link":"https:\/\/luniversdeju.com\/?product=pancarte-bienvenue-plage","title":{"rendered":"Pancarte Bienvenue plage"},"content":{"rendered":"","protected":false},"excerpt":{"rendered":"<p>Pancarte bienvenue plage.<\/p>\n<p>il y a possibilit\u00e9 de personnalis\u00e9e la pancarte aux th\u00e8mes et couleurs de votre choix, une personnalisation d&rsquo;un nom, pr\u00e9nom, mot, phrase peut \u00eatre possible.<\/p>\n<p>Pour toute demande de personnalisation ou informations, n&rsquo;h\u00e9sitez pas \u00e0 me contacter par E-mail ou par le formulaire de contact du site internet.<\/p>\n","protected":false},"featured_media":2549,"comment_status":"open","ping_status":"closed","template":"","meta":{"om_disable_all_campaigns":false,"_monsterinsights_skip_tracking":false,"_monsterinsights_sitenote_active":false,"_monsterinsights_sitenote_note":"","_monsterinsights_sitenote_category":0,"site-sidebar-layout":"default","site-content-layout":"","ast-site-content-layout":"default","site-content-style":"default","site-sidebar-style":"default","ast-global-header-display":"","ast-banner-title-visibility":"","ast-main-header-display":"","ast-hfb-above-header-display":"","ast-hfb-below-header-display":"","ast-hfb-mobile-header-display":"","site-post-title":"","ast-breadcrumbs-content":"","ast-featured-img":"","footer-sml-layout":"","ast-disable-related-posts":"","theme-transparent-header-meta":"default","adv-header-id-meta":"","stick-header-meta":"","header-above-stick-meta":"","header-main-stick-meta":"","header-below-stick-meta":"","astra-migrate-meta-layouts":"set","ast-page-background-enabled":"default","ast-page-background-meta":{"desktop":{"background-color":"var(--ast-global-color-4)","background-image":"","background-repeat":"repeat","background-position":"center center","background-size":"auto","background-attachment":"scroll","background-type":"","background-media":"","overlay-type":"","overlay-color":"","overlay-opacity":"","overlay-gradient":""},"tablet":{"background-color":"","background-image":"","background-repeat":"repeat","background-position":"center center","background-size":"auto","background-attachment":"scroll","background-type":"","background-media":"","overlay-type":"","overlay-color":"","overlay-opacity":"","overlay-gradient":""},"mobile":{"background-color":"","background-image":"","background-repeat":"repeat","background-position":"center center","background-size":"auto","background-attachment":"scroll","background-type":"","background-media":"","overlay-type":"","overlay-color":"","overlay-opacity":"","overlay-gradient":""}},"ast-content-background-meta":{"desktop":{"background-color":"var(--ast-global-color-5)","background-image":"","background-repeat":"repeat","background-position":"center center","background-size":"auto","background-attachment":"scroll","background-type":"","background-media":"","overlay-type":"","overlay-color":"","overlay-opacity":"","overlay-gradient":""},"tablet":{"background-color":"var(--ast-global-color-5)","background-image":"","background-repeat":"repeat","background-position":"center center","background-size":"auto","background-attachment":"scroll","background-type":"","background-media":"","overlay-type":"","overlay-color":"","overlay-opacity":"","overlay-gradient":""},"mobile":{"background-color":"var(--ast-global-color-5)","background-image":"","background-repeat":"repeat","background-position":"center center","background-size":"auto","background-attachment":"scroll","background-type":"","background-media":"","overlay-type":"","overlay-color":"","overlay-opacity":"","overlay-gradient":""}}},"product_brand":[],"product_cat":[111,17],"product_tag":[],"class_list":{"0":"post-2538","1":"product","2":"type-product","3":"status-publish","4":"has-post-thumbnail","6":"product_cat-decorations","7":"product_cat-resine","8":"desktop-align-left","9":"tablet-align-left","10":"mobile-align-left","12":"first","13":"instock","14":"sale","15":"shipping-taxable","16":"purchasable","17":"product-type-simple"},"aioseo_notices":[],"jetpack_sharing_enabled":true,"_links":{"self":[{"href":"https:\/\/luniversdeju.com\/index.php?rest_route=\/wp\/v2\/product\/2538","targetHints":{"allow":["GET"]}}],"collection":[{"href":"https:\/\/luniversdeju.com\/index.php?rest_route=\/wp\/v2\/product"}],"about":[{"href":"https:\/\/luniversdeju.com\/index.php?rest_route=\/wp\/v2\/types\/product"}],"replies":[{"embeddable":true,"href":"https:\/\/luniversdeju.com\/index.php?rest_route=%2Fwp%2Fv2%2Fcomments&post=2538"}],"wp:featuredmedia":[{"embeddable":true,"href":"https:\/\/luniversdeju.com\/index.php?rest_route=\/wp\/v2\/media\/2549"}],"wp:attachment":[{"href":"https:\/\/luniversdeju.com\/index.php?rest_route=%2Fwp%2Fv2%2Fmedia&parent=2538"}],"wp:term":[{"taxonomy":"product_brand","embeddable":true,"href":"https:\/\/luniversdeju.com\/index.php?rest_route=%2Fwp%2Fv2%2Fproduct_brand&post=2538"},{"taxonomy":"product_cat","embeddable":true,"href":"https:\/\/luniversdeju.com\/index.php?rest_route=%2Fwp%2Fv2%2Fproduct_cat&post=2538"},{"taxonomy":"product_tag","embeddable":true,"href":"https:\/\/luniversdeju.com\/index.php?rest_route=%2Fwp%2Fv2%2Fproduct_tag&post=2538"}],"curies":[{"name":"wp","href":"https:\/\/api.w.org\/{rel}","templated":true}]}}