{"id":4129,"date":"2025-11-17T16:23:27","date_gmt":"2025-11-17T16:23:27","guid":{"rendered":"https:\/\/luniversdeju.com\/?post_type=product&#038;p=4129"},"modified":"2025-11-17T16:23:27","modified_gmt":"2025-11-17T16:23:27","slug":"pampilles-raye-rouge-cerise-et-rose-clair","status":"publish","type":"product","link":"https:\/\/luniversdeju.com\/?product=pampilles-raye-rouge-cerise-et-rose-clair","title":{"rendered":"Pampilles Ray\u00e9 Rouge cerise et rose clair"},"content":{"rendered":"","protected":false},"excerpt":{"rendered":"<p>Toutes les pampilles sont faites \u00e0 la main, pour les mod\u00e8les avec des motifs ou des feuilles, chaque pampilles est unique et ne ressemble \u00e0 aucune autres.<\/p>\n<p>Attention pour choisir la cr\u00e9ole, n\u2019h\u00e9siter pas \u00e0 aller voir le tableau avec les compatibilit\u00e9 dans la cat\u00e9gories \u00a0\u00bb Cr\u00e9oles \u00ab\u00a0.<\/p>\n<p>Pour toute informations ou renseignements compl\u00e9mentaire, n\u2019h\u00e9siter pas \u00e0 me contacter<\/p>\n","protected":false},"featured_media":4119,"comment_status":"open","ping_status":"closed","template":"","meta":{"om_disable_all_campaigns":false,"_monsterinsights_skip_tracking":false,"_monsterinsights_sitenote_active":false,"_monsterinsights_sitenote_note":"","_monsterinsights_sitenote_category":0,"site-sidebar-layout":"default","site-content-layout":"","ast-site-content-layout":"default","site-content-style":"default","site-sidebar-style":"default","ast-global-header-display":"","ast-banner-title-visibility":"","ast-main-header-display":"","ast-hfb-above-header-display":"","ast-hfb-below-header-display":"","ast-hfb-mobile-header-display":"","site-post-title":"","ast-breadcrumbs-content":"","ast-featured-img":"","footer-sml-layout":"","ast-disable-related-posts":"","theme-transparent-header-meta":"default","adv-header-id-meta":"","stick-header-meta":"","header-above-stick-meta":"","header-main-stick-meta":"","header-below-stick-meta":"","astra-migrate-meta-layouts":"set","ast-page-background-enabled":"default","ast-page-background-meta":{"desktop":{"background-color":"var(--ast-global-color-4)","background-image":"","background-repeat":"repeat","background-position":"center center","background-size":"auto","background-attachment":"scroll","background-type":"","background-media":"","overlay-type":"","overlay-color":"","overlay-opacity":"","overlay-gradient":""},"tablet":{"background-color":"","background-image":"","background-repeat":"repeat","background-position":"center center","background-size":"auto","background-attachment":"scroll","background-type":"","background-media":"","overlay-type":"","overlay-color":"","overlay-opacity":"","overlay-gradient":""},"mobile":{"background-color":"","background-image":"","background-repeat":"repeat","background-position":"center center","background-size":"auto","background-attachment":"scroll","background-type":"","background-media":"","overlay-type":"","overlay-color":"","overlay-opacity":"","overlay-gradient":""}},"ast-content-background-meta":{"desktop":{"background-color":"var(--ast-global-color-5)","background-image":"","background-repeat":"repeat","background-position":"center center","background-size":"auto","background-attachment":"scroll","background-type":"","background-media":"","overlay-type":"","overlay-color":"","overlay-opacity":"","overlay-gradient":""},"tablet":{"background-color":"var(--ast-global-color-5)","background-image":"","background-repeat":"repeat","background-position":"center center","background-size":"auto","background-attachment":"scroll","background-type":"","background-media":"","overlay-type":"","overlay-color":"","overlay-opacity":"","overlay-gradient":""},"mobile":{"background-color":"var(--ast-global-color-5)","background-image":"","background-repeat":"repeat","background-position":"center center","background-size":"auto","background-attachment":"scroll","background-type":"","background-media":"","overlay-type":"","overlay-color":"","overlay-opacity":"","overlay-gradient":""}}},"product_brand":[],"product_cat":[146,132,133],"product_tag":[],"class_list":{"0":"post-4129","1":"product","2":"type-product","3":"status-publish","4":"has-post-thumbnail","6":"product_cat-collectionnoel","7":"product_cat-creolesinterchangeable","8":"product_cat-polymere","9":"desktop-align-left","10":"tablet-align-left","11":"mobile-align-left","13":"first","14":"instock","15":"shipping-taxable","16":"purchasable","17":"product-type-variable"},"aioseo_notices":[],"jetpack_sharing_enabled":true,"_links":{"self":[{"href":"https:\/\/luniversdeju.com\/index.php?rest_route=\/wp\/v2\/product\/4129","targetHints":{"allow":["GET"]}}],"collection":[{"href":"https:\/\/luniversdeju.com\/index.php?rest_route=\/wp\/v2\/product"}],"about":[{"href":"https:\/\/luniversdeju.com\/index.php?rest_route=\/wp\/v2\/types\/product"}],"replies":[{"embeddable":true,"href":"https:\/\/luniversdeju.com\/index.php?rest_route=%2Fwp%2Fv2%2Fcomments&post=4129"}],"wp:featuredmedia":[{"embeddable":true,"href":"https:\/\/luniversdeju.com\/index.php?rest_route=\/wp\/v2\/media\/4119"}],"wp:attachment":[{"href":"https:\/\/luniversdeju.com\/index.php?rest_route=%2Fwp%2Fv2%2Fmedia&parent=4129"}],"wp:term":[{"taxonomy":"product_brand","embeddable":true,"href":"https:\/\/luniversdeju.com\/index.php?rest_route=%2Fwp%2Fv2%2Fproduct_brand&post=4129"},{"taxonomy":"product_cat","embeddable":true,"href":"https:\/\/luniversdeju.com\/index.php?rest_route=%2Fwp%2Fv2%2Fproduct_cat&post=4129"},{"taxonomy":"product_tag","embeddable":true,"href":"https:\/\/luniversdeju.com\/index.php?rest_route=%2Fwp%2Fv2%2Fproduct_tag&post=4129"}],"curies":[{"name":"wp","href":"https:\/\/api.w.org\/{rel}","templated":true}]}}