{"id":617,"date":"2022-11-19T17:16:34","date_gmt":"2022-11-19T17:16:34","guid":{"rendered":"https:\/\/luniversdeju.com\/?post_type=product&#038;p=617"},"modified":"2026-02-26T19:26:27","modified_gmt":"2026-02-26T19:26:27","slug":"bruleur-electrique-bambou","status":"publish","type":"product","link":"https:\/\/luniversdeju.com\/?product=bruleur-electrique-bambou","title":{"rendered":"Br\u00fbleur \u00e9lectrique Bambou"},"content":{"rendered":"","protected":false},"excerpt":{"rendered":"<p>Br\u00fbleur \u00e9lectrique Bambou<\/p>\n<p>Ce br\u00fbleur ne s\u2019utilise pas comme les br\u00fbleurs classiques avec une bougie chauffe-plat, celui ci est en autonomie.<br \/>\nIl est \u00e9quip\u00e9 d\u2019un variateur pour r\u00e9gler la temp\u00e9rature de diffusion mais aussi la luminosit\u00e9 de la lumi\u00e8re (double fonction, diffuseurs et lampes).<br \/>\nSa mati\u00e8re est en porcelaine \u00e9maill\u00e9e, il peut se diffuser avec des cires parfum\u00e9es, des huille essentielles et des solutions parfum\u00e9es<\/p>\n<p>&nbsp;<\/p>\n<p>M\u00e9thode d\u2019utilisations :<br \/>\nD\u00e9posez le fondants de votre choix dans la coupelle, puis allumez votre br\u00fbleur \u00e9lectrique, r\u00e9glez l\u2019intensit\u00e9 que vous souhaitez.<br \/>\nSi votre coupelle est cass\u00e9e, ou ab\u00eem\u00e9e, il y a possibilit\u00e9 d\u2019en avoir sur commande.<\/p>\n","protected":false},"featured_media":597,"comment_status":"open","ping_status":"closed","template":"","meta":{"om_disable_all_campaigns":false,"_monsterinsights_skip_tracking":false,"_monsterinsights_sitenote_active":false,"_monsterinsights_sitenote_note":"","_monsterinsights_sitenote_category":0,"site-sidebar-layout":"default","site-content-layout":"default","ast-site-content-layout":"default","site-content-style":"default","site-sidebar-style":"default","ast-global-header-display":"","ast-banner-title-visibility":"","ast-main-header-display":"","ast-hfb-above-header-display":"","ast-hfb-below-header-display":"","ast-hfb-mobile-header-display":"","site-post-title":"","ast-breadcrumbs-content":"","ast-featured-img":"","footer-sml-layout":"","ast-disable-related-posts":"","theme-transparent-header-meta":"default","adv-header-id-meta":"","stick-header-meta":"","header-above-stick-meta":"","header-main-stick-meta":"","header-below-stick-meta":"","astra-migrate-meta-layouts":"set","ast-page-background-enabled":"default","ast-page-background-meta":{"desktop":{"background-color":"var(--ast-global-color-4)","background-image":"","background-repeat":"repeat","background-position":"center center","background-size":"auto","background-attachment":"scroll","background-type":"","background-media":"","overlay-type":"","overlay-color":"","overlay-opacity":"","overlay-gradient":""},"tablet":{"background-color":"","background-image":"","background-repeat":"repeat","background-position":"center center","background-size":"auto","background-attachment":"scroll","background-type":"","background-media":"","overlay-type":"","overlay-color":"","overlay-opacity":"","overlay-gradient":""},"mobile":{"background-color":"","background-image":"","background-repeat":"repeat","background-position":"center center","background-size":"auto","background-attachment":"scroll","background-type":"","background-media":"","overlay-type":"","overlay-color":"","overlay-opacity":"","overlay-gradient":""}},"ast-content-background-meta":{"desktop":{"background-color":"var(--ast-global-color-5)","background-image":"","background-repeat":"repeat","background-position":"center center","background-size":"auto","background-attachment":"scroll","background-type":"","background-media":"","overlay-type":"","overlay-color":"","overlay-opacity":"","overlay-gradient":""},"tablet":{"background-color":"var(--ast-global-color-5)","background-image":"","background-repeat":"repeat","background-position":"center center","background-size":"auto","background-attachment":"scroll","background-type":"","background-media":"","overlay-type":"","overlay-color":"","overlay-opacity":"","overlay-gradient":""},"mobile":{"background-color":"var(--ast-global-color-5)","background-image":"","background-repeat":"repeat","background-position":"center center","background-size":"auto","background-attachment":"scroll","background-type":"","background-media":"","overlay-type":"","overlay-color":"","overlay-opacity":"","overlay-gradient":""}}},"product_brand":[],"product_cat":[32],"product_tag":[],"class_list":{"0":"post-617","1":"product","2":"type-product","3":"status-publish","4":"has-post-thumbnail","6":"product_cat-brule-parfum","7":"desktop-align-left","8":"tablet-align-left","9":"mobile-align-left","11":"first","12":"instock","13":"sale","14":"shipping-taxable","15":"purchasable","16":"product-type-simple"},"aioseo_notices":[],"jetpack_sharing_enabled":true,"_links":{"self":[{"href":"https:\/\/luniversdeju.com\/index.php?rest_route=\/wp\/v2\/product\/617","targetHints":{"allow":["GET"]}}],"collection":[{"href":"https:\/\/luniversdeju.com\/index.php?rest_route=\/wp\/v2\/product"}],"about":[{"href":"https:\/\/luniversdeju.com\/index.php?rest_route=\/wp\/v2\/types\/product"}],"replies":[{"embeddable":true,"href":"https:\/\/luniversdeju.com\/index.php?rest_route=%2Fwp%2Fv2%2Fcomments&post=617"}],"wp:featuredmedia":[{"embeddable":true,"href":"https:\/\/luniversdeju.com\/index.php?rest_route=\/wp\/v2\/media\/597"}],"wp:attachment":[{"href":"https:\/\/luniversdeju.com\/index.php?rest_route=%2Fwp%2Fv2%2Fmedia&parent=617"}],"wp:term":[{"taxonomy":"product_brand","embeddable":true,"href":"https:\/\/luniversdeju.com\/index.php?rest_route=%2Fwp%2Fv2%2Fproduct_brand&post=617"},{"taxonomy":"product_cat","embeddable":true,"href":"https:\/\/luniversdeju.com\/index.php?rest_route=%2Fwp%2Fv2%2Fproduct_cat&post=617"},{"taxonomy":"product_tag","embeddable":true,"href":"https:\/\/luniversdeju.com\/index.php?rest_route=%2Fwp%2Fv2%2Fproduct_tag&post=617"}],"curies":[{"name":"wp","href":"https:\/\/api.w.org\/{rel}","templated":true}]}}